{"id":916,"date":"2015-02-24T13:47:01","date_gmt":"2015-02-24T11:47:01","guid":{"rendered":"http:\/\/www.ludovicocaldara.net\/dba\/?page_id=916"},"modified":"2015-02-24T13:48:06","modified_gmt":"2015-02-24T11:48:06","slug":"events-archive","status":"publish","type":"page","link":"https:\/\/www.ludovicocaldara.net\/dba\/events-archive\/","title":{"rendered":"Events Archive"},"content":{"rendered":"<div class=\"em em-view-container\" id=\"em-view-874880069\" data-view=\"list\">\r\n\t<div class=\"em pixelbones em-list em-events-list\" id=\"em-events-list-874880069\" data-view-id=\"874880069\">\r\n\t<table cellpadding=\"0\" cellspacing=\"0\" class=\"events-table\" >\r\n    <thead>\r\n        <tr>\r\n\t\t\t<th class=\"event-time\" width=\"150\">Date\/Time<\/th>\r\n\t\t\t<th class=\"event-description\" width=\"*\">Event<\/th>\r\n\t\t<\/tr>\r\n   \t<\/thead>\r\n    <tbody><tr>\r\n\t\t\t<td>\r\n                06\/12\/2017<br\/>\r\n                3:15 pm - 4:05 pm\r\n            <\/td>\r\n            <td>\r\n                <a href=\"https:\/\/www.ludovicocaldara.net\/dba\/events\/get-the-most-out-of-oracle-data-guard-2\/\">Get the Most Out of Oracle Data Guard! @ UKOUG Tech17<\/a>\r\n                <br\/><i>International Convention Centre, Birmingham, Birmingham <\/i>\r\n            <\/td>\r\n        <\/tr><tr>\r\n\t\t\t<td>\r\n                06\/12\/2017<br\/>\r\n                10:00 am - 10:50 am\r\n            <\/td>\r\n            <td>\r\n                <a href=\"https:\/\/www.ludovicocaldara.net\/dba\/events\/how-to-bake-a-customer-story-with-windows-nvm-e-data-guard-acfs-snapshots-perl-ukoug-tech17\/\">How to Bake a Customer Story with Windows, NVM-e, Data Guard, ACFS Snapshots &amp; Perl @ UKOUG Tech17<\/a>\r\n                <br\/><i>International Convention Centre, Birmingham, Birmingham <\/i>\r\n            <\/td>\r\n        <\/tr><tr>\r\n\t\t\t<td>\r\n                21\/11\/2017<br\/>\r\n                8:30 am - 9:15 am\r\n            <\/td>\r\n            <td>\r\n                <a href=\"https:\/\/www.ludovicocaldara.net\/dba\/events\/oracle-active-data-guard-12cr2-is-it-the-best-option\/\">Oracle Active Data Guard 12cR2. Is it the best option?<\/a>\r\n                <br\/><i>DOAG Konferenz 2017, N\u00fcremberg <\/i>\r\n            <\/td>\r\n        <\/tr><tr>\r\n\t\t\t<td>\r\n                01\/10\/2017<br\/>\r\n                12:45 pm - 1:30 pm\r\n            <\/td>\r\n            <td>\r\n                <a href=\"https:\/\/www.ludovicocaldara.net\/dba\/events\/get-the-most-out-of-oracle-data-guard-oow17\/\">Get the Most Out of Oracle Data Guard @ OOW17<\/a>\r\n                <br\/><i>Oracle Open Workd 2017 &#8211; Marriot Marquis (Nob Hill A\/B), San Francisco CA<\/i>\r\n            <\/td>\r\n        <\/tr><tr>\r\n\t\t\t<td>\r\n                16\/09\/2017<br\/>\r\n                10:00 am - 10:45 am\r\n            <\/td>\r\n            <td>\r\n                <a href=\"https:\/\/www.ludovicocaldara.net\/dba\/events\/postgresql-for-oracle-dbas\/\">PostgreSQL for (Oracle) DBAs<\/a>\r\n                <br\/><i>TechEvent 09.2017, M\u00f6venpick Hotel, Regensdorf <\/i>\r\n            <\/td>\r\n        <\/tr><tr>\r\n\t\t\t<td>\r\n                01\/09\/2017<br\/>\r\n                2:00 pm - 2:45 pm\r\n            <\/td>\r\n            <td>\r\n                <a href=\"https:\/\/www.ludovicocaldara.net\/dba\/events\/get-the-most-out-of-oracle-data-guard\/\">Get the most out of Oracle Data Guard!<\/a>\r\n                <br\/><i>High Five POUG, Krak\u00f3w <\/i>\r\n            <\/td>\r\n        <\/tr><tr>\r\n\t\t\t<td>\r\n                08\/06\/2017<br\/>\r\n                All Day\r\n            <\/td>\r\n            <td>\r\n                <a href=\"https:\/\/www.ludovicocaldara.net\/dba\/events\/oracle-client-failover-under-the-hood\/\">Oracle Client Failover \u2013 Under The Hood<\/a>\r\n                <br\/><i>UNA Hotel Century, Milano <\/i>\r\n            <\/td>\r\n        <\/tr><tr>\r\n\t\t\t<td>\r\n                07\/12\/2016<br\/>\r\n                3:10 pm - 4:00 pm\r\n            <\/td>\r\n            <td>\r\n                <a href=\"https:\/\/www.ludovicocaldara.net\/dba\/events\/adaptive-features-or-how-i-learned-to-stop-worrying-troubleshoot-the-bomb-ukoug-tech16\/\">Adaptive Features or: How I Learned to Stop Worrying &amp; Troubleshoot the Bomb [UKOUG Tech16]<\/a>\r\n                <br\/><i>International Convention Centre, Birmingham, Birmingham <\/i>\r\n            <\/td>\r\n        <\/tr><tr>\r\n\t\t\t<td>\r\n                07\/12\/2016<br\/>\r\n                12:30 pm - 1:15 pm\r\n            <\/td>\r\n            <td>\r\n                <a href=\"https:\/\/www.ludovicocaldara.net\/dba\/events\/upgrading-300-databases-to-12c-in-300-days-what-can-go-wrong-ukoug_tech16\/\">Upgrading 300 Databases to 12c in 300 Days. What Can Go Wrong? [UKOUG_Tech16]<\/a>\r\n                <br\/><i>International Convention Centre, Birmingham, Birmingham <\/i>\r\n            <\/td>\r\n        <\/tr><tr>\r\n\t\t\t<td>\r\n                23\/11\/2016<br\/>\r\n                9:00 am - 12:00 pm\r\n            <\/td>\r\n            <td>\r\n                <a href=\"https:\/\/www.ludovicocaldara.net\/dba\/events\/migrating-to-oracle-database-12c-300-databases-in-300-days-oracle-tech-breakfast\/\">Migrating to Oracle Database 12c: 300 Databases in 300 Days [Oracle Tech Breakfast]<\/a>\r\n                <br\/><i>Oracle Business Breakfast, Oracle Suisse SA, Geneva <\/i>\r\n            <\/td>\r\n        <\/tr><tr>\r\n\t\t\t<td>\r\n                22\/11\/2016<br\/>\r\n                10:50 am - 11:30 am\r\n            <\/td>\r\n            <td>\r\n                <a href=\"https:\/\/www.ludovicocaldara.net\/dba\/events\/300-bases-en-300-jours-sdf16\/\">Mont\u00e9e en version de 300 bases de donn\u00e9es vers Oracle 12c en 300 jours. Quels probl\u00e8mes peut-on rencontrer ? [Swiss Data Forum 16]<\/a>\r\n                <br\/><i>Aquatis Hotel, Lausanne <\/i>\r\n            <\/td>\r\n        <\/tr><tr>\r\n\t\t\t<td>\r\n                16\/11\/2016<br\/>\r\n                11:00 am - 11:45 am\r\n            <\/td>\r\n            <td>\r\n                <a href=\"https:\/\/www.ludovicocaldara.net\/dba\/events\/adaptive-features-or-how-i-learned-to-stop-worrying-and-troubleshoot-the-bomb\/\">Adaptive Features or: How I Learned to Stop Worrying and Troubleshoot the Bomb [DOAG 2016]<\/a>\r\n                <br\/><i>DOAG Konferenz 2016, N\u00fcrnberg <\/i>\r\n            <\/td>\r\n        <\/tr><tr>\r\n\t\t\t<td>\r\n                11\/11\/2016<br\/>\r\n                12:00 pm - 12:45 pm\r\n            <\/td>\r\n            <td>\r\n                <a href=\"https:\/\/www.ludovicocaldara.net\/dba\/events\/adaptive-features-or-how-i-learned-to-stop-worrying-and-troubleshoot-the-bomb-2\/\">Adaptive Features or: How I Learned to Stop Worrying and Troubleshoot the Bomb.<\/a>\r\n                <br\/><i>UNA Hotel Century, Milano <\/i>\r\n            <\/td>\r\n        <\/tr><tr>\r\n\t\t\t<td>\r\n                11\/11\/2016<br\/>\r\n                9:30 am - 10:15 am\r\n            <\/td>\r\n            <td>\r\n                <a href=\"https:\/\/www.ludovicocaldara.net\/dba\/events\/12c-300-db-in-300-days-itoug2016\/\">Migrating to 12c: 300 DBs in 300 days. What we learned. [ITOUG Tech Day 2016]<\/a>\r\n                <br\/><i>UNA Hotel Century, Milano <\/i>\r\n            <\/td>\r\n        <\/tr><tr>\r\n\t\t\t<td>\r\n                14\/10\/2016<br\/>\r\n                10:00 am - 10:45 am\r\n            <\/td>\r\n            <td>\r\n                <a href=\"https:\/\/www.ludovicocaldara.net\/dba\/events\/adaptive-features-nt2016-se\/\">Adaptive Features or: How I Learned to Stop Worrying and Troubleshoot the Bomb.  [Nordic Tour 2016 - Sweden]<\/a>\r\n                <br\/><i>Stockholm, Stockholm <\/i>\r\n            <\/td>\r\n        <\/tr><tr>\r\n\t\t\t<td>\r\n                14\/10\/2016<br\/>\r\n                9:00 am - 9:45 am\r\n            <\/td>\r\n            <td>\r\n                <a href=\"https:\/\/www.ludovicocaldara.net\/dba\/events\/12c-300-db-in-300-days-nt2016-se\/\">Migrating to 12c: 300 DBs in 300 days. What we learned. [Nordic Tour 2016 - Sweden]<\/a>\r\n                <br\/><i>Stockholm, Stockholm <\/i>\r\n            <\/td>\r\n        <\/tr><tr>\r\n\t\t\t<td>\r\n                13\/10\/2016<br\/>\r\n                3:10 pm - 4:00 pm\r\n            <\/td>\r\n            <td>\r\n                <a href=\"https:\/\/www.ludovicocaldara.net\/dba\/events\/12c-300-db-in-300-days-nt2016-fii\/\">Migrating to 12c: 300 DBs in 300 days. What we learned. [Nordic Tour 2016 - Finland]<\/a>\r\n                <br\/><i>Accenture Finland, Helsinki <\/i>\r\n            <\/td>\r\n        <\/tr><tr>\r\n\t\t\t<td>\r\n                12\/10\/2016<br\/>\r\n                3:00 pm - 3:45 pm\r\n            <\/td>\r\n            <td>\r\n                <a href=\"https:\/\/www.ludovicocaldara.net\/dba\/events\/dmu-nt2016-no\/\">Database Migration Assistant for Unicode (DMU): a Real Customer Case [Nordic Tour 2016 - Norway]<\/a>\r\n                <br\/><i>Felix Conference Center, Oslo <\/i>\r\n            <\/td>\r\n        <\/tr><tr>\r\n\t\t\t<td>\r\n                12\/10\/2016<br\/>\r\n                1:00 pm - 1:45 pm\r\n            <\/td>\r\n            <td>\r\n                <a href=\"https:\/\/www.ludovicocaldara.net\/dba\/events\/self-service-db-ops-apex-nt2016-no\/\">Self-Service Database Operations made easy with APEX [Nordic Tour 2016 - Norway]<\/a>\r\n                <br\/><i>Felix Conference Center, Oslo <\/i>\r\n            <\/td>\r\n        <\/tr><tr>\r\n\t\t\t<td>\r\n                12\/10\/2016<br\/>\r\n                11:15 am - 12:00 pm\r\n            <\/td>\r\n            <td>\r\n                <a href=\"https:\/\/www.ludovicocaldara.net\/dba\/events\/12c-300-db-in-300-days-nt2016-no\/\">Migrating to 12c: 300 DBs in 300 days. What we learned. [Nordic Tour 2016 - Norway]<\/a>\r\n                <br\/><i>Felix Conference Center, Oslo <\/i>\r\n            <\/td>\r\n        <\/tr><tr>\r\n\t\t\t<td>\r\n                11\/10\/2016<br\/>\r\n                2:10 pm - 3:10 pm\r\n            <\/td>\r\n            <td>\r\n                <a href=\"https:\/\/www.ludovicocaldara.net\/dba\/events\/12c-300-db-in-300-days-nt2016-dk\/\">Migrating to 12c: 300 DBs in 300 days. What we learned [Nordic Tour 2016 - Denmark]<\/a>\r\n                <br\/><i>Oracle Denmark, Ballerup <\/i>\r\n            <\/td>\r\n        <\/tr><tr>\r\n\t\t\t<td>\r\n                11\/10\/2016<br\/>\r\n                11:00 am - 12:00 pm\r\n            <\/td>\r\n            <td>\r\n                <a href=\"https:\/\/www.ludovicocaldara.net\/dba\/events\/adaptive-features-nt2016-dk\/\">Adaptive Features or:  How I Learned to Stop  Worrying and  Troubleshoot the Bomb [Nordic Tour 2016 - Denmark]<\/a>\r\n                <br\/><i>Oracle Denmark, Ballerup <\/i>\r\n            <\/td>\r\n        <\/tr><tr>\r\n\t\t\t<td>\r\n                18\/09\/2016<br\/>\r\n                8:00 am - 8:45 am\r\n            <\/td>\r\n            <td>\r\n                <a href=\"https:\/\/www.ludovicocaldara.net\/dba\/events\/migrating-to-oracle-database-12c-300-databases-in-300-days-ugf2710\/\">Migrating to Oracle Database 12c: 300 Databases in 300 Days [UGF2710]<\/a>\r\n                <br\/><i>Oracle Open World 2016, San Francisco CA<\/i>\r\n            <\/td>\r\n        <\/tr><tr>\r\n\t\t\t<td>\r\n                12\/05\/2016<br\/>\r\n                8:30 am - 5:30 pm\r\n            <\/td>\r\n            <td>\r\n                <a href=\"https:\/\/www.ludovicocaldara.net\/dba\/events\/otn-emea-tour-2016\/\">OTN EMEA Tour 2016<\/a>\r\n                <br\/><i>UNA Hotel Century, Milano <\/i>\r\n            <\/td>\r\n        <\/tr><tr>\r\n\t\t\t<td>\r\n                11\/05\/2016<br\/>\r\n                4:00 pm - 4:45 pm\r\n            <\/td>\r\n            <td>\r\n                <a href=\"https:\/\/www.ludovicocaldara.net\/dba\/events\/250-dbs-in-250-days-doagdb16\/\">Migrating to 12c: 250 DBs in 250 days. What we learned.  @ DOAGDB16<\/a>\r\n                <br\/><i>Meli\u00e1 D\u00fcsseldorf, Duesseldorf 40479 <\/i>\r\n            <\/td>\r\n        <\/tr><tr>\r\n\t\t\t<td>\r\n                13\/01\/2016<br\/>\r\n                5:30 pm - 6:30 pm\r\n            <\/td>\r\n            <td>\r\n                <a href=\"https:\/\/www.ludovicocaldara.net\/dba\/events\/oracle-rapid-home-provisioning\/\">Oracle Rapid Home Provisioning<\/a>\r\n                \r\n            <\/td>\r\n        <\/tr><tr>\r\n\t\t\t<td>\r\n                09\/12\/2015<br\/>\r\n                2:30 pm - 3:20 pm\r\n            <\/td>\r\n            <td>\r\n                <a href=\"https:\/\/www.ludovicocaldara.net\/dba\/events\/oracle-acfs-and-oracle-database-the-perfect-marriage-at-ukoug-tech15\/\">Oracle ACFS and Oracle Database: the Perfect Marriage? at UKOUG Tech15<\/a>\r\n                <br\/><i>International Convention Centre, Birmingham, Birmingham <\/i>\r\n            <\/td>\r\n        <\/tr><tr>\r\n\t\t\t<td>\r\n                09\/12\/2015<br\/>\r\n                11:20 am - 12:10 pm\r\n            <\/td>\r\n            <td>\r\n                <a href=\"https:\/\/www.ludovicocaldara.net\/dba\/events\/oracle-clusterware-rapid-home-provisioning-at-ukoug-tech-15\/\">Oracle Clusterware &amp; Rapid Home Provisioning at UKOUG Tech 15<\/a>\r\n                <br\/><i>International Convention Centre, Birmingham, Birmingham <\/i>\r\n            <\/td>\r\n        <\/tr><tr>\r\n\t\t\t<td>\r\n                08\/12\/2015<br\/>\r\n                11:20 am - 12:10 pm\r\n            <\/td>\r\n            <td>\r\n                <a href=\"https:\/\/www.ludovicocaldara.net\/dba\/events\/oracle-active-data-guard-and-global-data-services-in-action-at-ukoug-tech15\/\">Oracle Active Data Guard and Global Data Services in Action! at UKOUG Tech15<\/a>\r\n                <br\/><i>International Convention Centre, Birmingham, Birmingham <\/i>\r\n            <\/td>\r\n        <\/tr><tr>\r\n\t\t\t<td>\r\n                17\/09\/2015<br\/>\r\n                5:00 pm - 10:00 pm\r\n            <\/td>\r\n            <td>\r\n                <a href=\"https:\/\/www.ludovicocaldara.net\/dba\/events\/racattack2015ge\/\">RAC Attack! 12c in Geneva, 2015 A.D.<\/a>\r\n                <br\/><i>Trivadis Offices, Geneve Geneve<\/i>\r\n            <\/td>\r\n        <\/tr><tr>\r\n\t\t\t<td>\r\n                12\/09\/2015<br\/>\r\n                10:45 am - 11:30 am\r\n            <\/td>\r\n            <td>\r\n                <a href=\"https:\/\/www.ludovicocaldara.net\/dba\/events\/snapclone-delphix-actifio-and-others-overview-of-database-cloning-solutions\/\">SnapClone, Delphix, ActifIO and others: overview of database cloning solutions<\/a>\r\n                <br\/><i>TechEvent 09.2015, M\u00f6venpick Hotel, Regensdorf <\/i>\r\n            <\/td>\r\n        <\/tr><tr>\r\n\t\t\t<td>\r\n                11\/09\/2015<br\/>\r\n                3:45 pm - 4:30 pm\r\n            <\/td>\r\n            <td>\r\n                <a href=\"https:\/\/www.ludovicocaldara.net\/dba\/events\/oracle-database-lightning-talks-reload-at-tech-event\/\">Oracle Database Lightning Talks (reload) at Tech Event<\/a>\r\n                <br\/><i>TechEvent 09.2015, M\u00f6venpick Hotel, Regensdorf <\/i>\r\n            <\/td>\r\n        <\/tr><tr>\r\n\t\t\t<td>\r\n                11\/09\/2015<br\/>\r\n                11:45 am - 12:30 pm\r\n            <\/td>\r\n            <td>\r\n                <a href=\"https:\/\/www.ludovicocaldara.net\/dba\/events\/new-speaker-orientation-at-tech-event\/\">New Speaker Orientation at Tech Event<\/a>\r\n                <br\/><i>TechEvent 09.2015, M\u00f6venpick Hotel, Regensdorf <\/i>\r\n            <\/td>\r\n        <\/tr><tr>\r\n\t\t\t<td>\r\n                11\/09\/2015<br\/>\r\n                10:45 am - 11:30 am\r\n            <\/td>\r\n            <td>\r\n                <a href=\"https:\/\/www.ludovicocaldara.net\/dba\/events\/delphix-agile-data-platform-at-tech-event\/\">Delphix Agile Data Platform at Tech Event<\/a>\r\n                <br\/><i>TechEvent 09.2015, M\u00f6venpick Hotel, Regensdorf <\/i>\r\n            <\/td>\r\n        <\/tr><tr>\r\n\t\t\t<td>\r\n                04\/09\/2015<br\/>\r\n                2:00 pm - 6:00 pm\r\n            <\/td>\r\n            <td>\r\n                <a href=\"https:\/\/www.ludovicocaldara.net\/dba\/events\/paris-oracle-meetup-september-2015\/\">Paris Oracle Meetup September 2015<\/a>\r\n                \r\n            <\/td>\r\n        <\/tr><tr>\r\n\t\t\t<td>\r\n                21\/05\/2015<br\/>\r\n                9:00 am - 1:00 pm\r\n            <\/td>\r\n            <td>\r\n                <a href=\"https:\/\/www.ludovicocaldara.net\/dba\/events\/soug-r-sig-performance-day\/\">SOUG-R SIG: Performance Day<\/a>\r\n                <br\/><i>H\u00f4tel La Barcarolle, Prangins <\/i>\r\n            <\/td>\r\n        <\/tr><tr>\r\n\t\t\t<td>\r\n                15\/04\/2015<br\/>\r\n                5:30 pm - 6:00 pm\r\n            <\/td>\r\n            <td>\r\n                <a href=\"https:\/\/www.ludovicocaldara.net\/dba\/events\/ioug-rac-sig-meeting\/\">IOUG RAC SIG Meeting<\/a>\r\n                <br\/><i>IOUG Collaborate 15, Las Vegas NV<\/i>\r\n            <\/td>\r\n        <\/tr><tr>\r\n\t\t\t<td>\r\n                12\/04\/2015<br\/>\r\n                9:00 am - 4:00 pm\r\n            <\/td>\r\n            <td>\r\n                <a href=\"https:\/\/www.ludovicocaldara.net\/dba\/events\/rac-attack-12c\/\">RAC Attack! 12c<\/a>\r\n                <br\/><i>IOUG Collaborate 15, Las Vegas NV<\/i>\r\n            <\/td>\r\n        <\/tr><tr>\r\n\t\t\t<td>\r\n                08\/04\/2015<br\/>\r\n                4:30 pm - 5:30 pm\r\n            <\/td>\r\n            <td>\r\n                <a href=\"https:\/\/www.ludovicocaldara.net\/dba\/events\/panel-nothing-to-blog-about-think-again\/\">Panel: Nothing to BLOG About - Think Again<\/a>\r\n                <br\/><i>IOUG Collaborate 15, Las Vegas NV<\/i>\r\n            <\/td>\r\n        <\/tr><tr>\r\n\t\t\t<td>\r\n                08\/04\/2015<br\/>\r\n                3:15 pm - 4:15 pm\r\n            <\/td>\r\n            <td>\r\n                <a href=\"https:\/\/www.ludovicocaldara.net\/dba\/events\/oracle-rac-data-guard-and-pluggable-databases-when-maa-meets-oracle-multitenant-3\/\">Oracle RAC, Data Guard, and Pluggable Databases: When MAA Meets Oracle Multitenant<\/a>\r\n                <br\/><i>IOUG Collaborate 15, Las Vegas NV<\/i>\r\n            <\/td>\r\n        <\/tr><tr>\r\n\t\t\t<td>\r\n                08\/03\/2015<br\/>\r\n                12:00 am\r\n            <\/td>\r\n            <td>\r\n                <a href=\"https:\/\/www.ludovicocaldara.net\/dba\/events\/storage-technologies-and-trends-for-the-layman\/\">Storage technologies and trends for the layman<\/a>\r\n                <br\/><i>TechEvent 03.2014, M\u00f6venpick Hotel, Zurich <\/i>\r\n            <\/td>\r\n        <\/tr><tr>\r\n\t\t\t<td>\r\n                07\/03\/2015<br\/>\r\n                All Day\r\n            <\/td>\r\n            <td>\r\n                <a href=\"https:\/\/www.ludovicocaldara.net\/dba\/events\/oracle-database-lightning-talks\/\">Oracle Database Lightning Talks<\/a>\r\n                <br\/><i>TechEvent 03.2014, M\u00f6venpick Hotel, Zurich <\/i>\r\n            <\/td>\r\n        <\/tr><tr>\r\n\t\t\t<td>\r\n                10\/12\/2014<br\/>\r\n                9:00 am - 9:50 am\r\n            <\/td>\r\n            <td>\r\n                <a href=\"https:\/\/www.ludovicocaldara.net\/dba\/events\/oracle-rac-data-guard-and-pluggable-databases-when-maa-meets-oracle-multitenant-2\/\">Oracle RAC, Data Guard, and Pluggable Databases: When MAA Meets Oracle Multitenant<\/a>\r\n                <br\/><i>UKOUG Tech 2014, ACC Liverpool, Liverpool <\/i>\r\n            <\/td>\r\n        <\/tr><tr>\r\n\t\t\t<td>\r\n                08\/12\/2014 - 10\/12\/2014<br\/>\r\n                12:00 am\r\n            <\/td>\r\n            <td>\r\n                <a href=\"https:\/\/www.ludovicocaldara.net\/dba\/events\/rac-attack-at-ukoug-tech14\/\">RAC Attack at UKOUG TECH14<\/a>\r\n                <br\/><i>UKOUG Tech 2014, ACC Liverpool, Liverpool <\/i>\r\n            <\/td>\r\n        <\/tr><tr>\r\n\t\t\t<td>\r\n                26\/11\/2014<br\/>\r\n                10:00 am - 10:50 am\r\n            <\/td>\r\n            <td>\r\n                <a href=\"https:\/\/www.ludovicocaldara.net\/dba\/events\/french-oracle-rac-oracle-data-guard-and-pluggable-databases-when-maa-meets-oracle-multitenant\/\">[French] - Oracle RAC, Oracle Data Guard, and Pluggable Databases: When MAA Meets Oracle Multitenant<\/a>\r\n                <br\/><i>Oracle Business Breakfast, Oracle Suisse SA, Geneva <\/i>\r\n            <\/td>\r\n        <\/tr><tr>\r\n\t\t\t<td>\r\n                06\/11\/2014<br\/>\r\n                9:00 am - 12:30 pm\r\n            <\/td>\r\n            <td>\r\n                <a href=\"https:\/\/www.ludovicocaldara.net\/dba\/events\/oracle-active-data-guard-12c-far-sync-instance-real-time-cascade-standby-and-other-goodies-2\/\">Oracle Active Data Guard 12c: Far Sync Instance, Real-Time Cascade Standby, and Other Goodies<\/a>\r\n                <br\/><i>SOUG-R SIG 11.2014, Continental Hotel, Lausanne, Lausanne <\/i>\r\n            <\/td>\r\n        <\/tr><tr>\r\n\t\t\t<td>\r\n                25\/10\/2014<br\/>\r\n                12:00 am\r\n            <\/td>\r\n            <td>\r\n                <a href=\"https:\/\/www.ludovicocaldara.net\/dba\/events\/costruire-siti-con-wordpress\/\">Costruire siti con Wordpress<\/a>\r\n                <br\/><i>Italian Linux Day 2014, Aosta <\/i>\r\n            <\/td>\r\n        <\/tr><tr>\r\n\t\t\t<td>\r\n                16\/10\/2014<br\/>\r\n                9:00 am\r\n            <\/td>\r\n            <td>\r\n                <a href=\"https:\/\/www.ludovicocaldara.net\/dba\/events\/oracle-database-backup-logging-recovery-appliace-a-quick-preview\/\">Oracle Database Backup Logging Recovery Appliace: a quick preview<\/a>\r\n                <br\/><i>SOUG SIG 10.2014 (Engineered Systems, Infrastruktur, Cloud), ABB Segelhof, Baden, D\u00e4ttwil AG<\/i>\r\n            <\/td>\r\n        <\/tr><tr>\r\n\t\t\t<td>\r\n                02\/10\/2014<br\/>\r\n                2:30 pm - 3:15 pm\r\n            <\/td>\r\n            <td>\r\n                <a href=\"https:\/\/www.ludovicocaldara.net\/dba\/events\/oracle-active-data-guard-12c-far-sync-instance-real-time-cascade-standby-and-other-goodies\/\">Oracle Active Data Guard 12c: Far Sync Instance, Real-Time Cascade Standby, and Other Goodies <\/a>\r\n                <br\/><i>Oracle Open World 2014, San Francisco California<\/i>\r\n            <\/td>\r\n        <\/tr><tr>\r\n\t\t\t<td>\r\n                28\/09\/2014<br\/>\r\n                9:00 am - 2:00 pm\r\n            <\/td>\r\n            <td>\r\n                <a href=\"https:\/\/www.ludovicocaldara.net\/dba\/events\/rac-attack-at-oow14\/\">RAC Attack at OOW14<\/a>\r\n                <br\/><i>Oracle Open World 2014, San Francisco California<\/i>\r\n            <\/td>\r\n        <\/tr><\/tbody><\/table>\t<\/div>\r\n<\/div>\n","protected":false},"excerpt":{"rendered":"","protected":false},"author":1,"featured_media":0,"parent":0,"menu_order":0,"comment_status":"open","ping_status":"open","template":"","meta":{"footnotes":""},"class_list":["post-916","page","type-page","status-publish","hentry"],"aioseo_notices":[],"_links":{"self":[{"href":"https:\/\/www.ludovicocaldara.net\/dba\/wp-json\/wp\/v2\/pages\/916","targetHints":{"allow":["GET"]}}],"collection":[{"href":"https:\/\/www.ludovicocaldara.net\/dba\/wp-json\/wp\/v2\/pages"}],"about":[{"href":"https:\/\/www.ludovicocaldara.net\/dba\/wp-json\/wp\/v2\/types\/page"}],"author":[{"embeddable":true,"href":"https:\/\/www.ludovicocaldara.net\/dba\/wp-json\/wp\/v2\/users\/1"}],"replies":[{"embeddable":true,"href":"https:\/\/www.ludovicocaldara.net\/dba\/wp-json\/wp\/v2\/comments?post=916"}],"version-history":[{"count":3,"href":"https:\/\/www.ludovicocaldara.net\/dba\/wp-json\/wp\/v2\/pages\/916\/revisions"}],"predecessor-version":[{"id":919,"href":"https:\/\/www.ludovicocaldara.net\/dba\/wp-json\/wp\/v2\/pages\/916\/revisions\/919"}],"wp:attachment":[{"href":"https:\/\/www.ludovicocaldara.net\/dba\/wp-json\/wp\/v2\/media?parent=916"}],"curies":[{"name":"wp","href":"https:\/\/api.w.org\/{rel}","templated":true}]}}